{"id":638,"date":"2024-08-31T22:36:55","date_gmt":"2024-08-31T22:36:55","guid":{"rendered":"https:\/\/touseefwebguy.online\/?page_id=638"},"modified":"2024-09-05T05:22:45","modified_gmt":"2024-09-05T05:22:45","slug":"behandlungen","status":"publish","type":"page","link":"https:\/\/logo-eb.de\/?page_id=638","title":{"rendered":"Behandlungen"},"content":{"rendered":"\t\t<div data-elementor-type=\"wp-page\" data-elementor-id=\"638\" class=\"elementor elementor-638\">\n\t\t\t\t<div class=\"elementor-element elementor-element-0497202 e-flex e-con-boxed e-con e-parent\" data-id=\"0497202\" data-element_type=\"container\" data-e-type=\"container\" data-settings=\"{&quot;background_background&quot;:&quot;classic&quot;}\">\n\t\t\t\t\t<div class=\"e-con-inner\">\n\t\t<div class=\"elementor-element elementor-element-dfc9ddb e-con-full e-flex e-con e-child\" data-id=\"dfc9ddb\" data-element_type=\"container\" data-e-type=\"container\">\n\t\t\t\t<div class=\"elementor-element elementor-element-4dd36f2 elementor-widget elementor-widget-heading\" data-id=\"4dd36f2\" data-element_type=\"widget\" data-e-type=\"widget\" data-widget_type=\"heading.default\">\n\t\t\t\t<div class=\"elementor-widget-container\">\n\t\t\t\t\t<h2 class=\"elementor-heading-title elementor-size-default\">Behandlungen<\/h2>\t\t\t\t<\/div>\n\t\t\t\t<\/div>\n\t\t\t\t<\/div>\n\t\t\t\t\t<\/div>\n\t\t\t\t<\/div>\n\t\t<div class=\"elementor-element elementor-element-c88577d e-flex e-con-boxed e-con e-parent\" data-id=\"c88577d\" data-element_type=\"container\" data-e-type=\"container\" data-settings=\"{&quot;background_background&quot;:&quot;classic&quot;}\">\n\t\t\t\t\t<div class=\"e-con-inner\">\n\t\t<div class=\"elementor-element elementor-element-e3bee98 e-con-full e-flex e-con e-child\" data-id=\"e3bee98\" data-element_type=\"container\" data-e-type=\"container\">\n\t\t\t\t<div class=\"elementor-element elementor-element-89779d1 elementor-widget elementor-widget-elementskit-accordion\" data-id=\"89779d1\" data-element_type=\"widget\" data-e-type=\"widget\" data-widget_type=\"elementskit-accordion.default\">\n\t\t\t\t<div class=\"elementor-widget-container\">\n\t\t\t\t\t<div class=\"ekit-wid-con\" >\n        <div class=\"elementskit-accordion accoedion-primary\" id=\"accordion-69e0809db39ca\">\n\n            \n                <div class=\"elementskit-card active\">\n                    <div class=\"elementskit-card-header\" id=\"primaryHeading-0-89779d1\">\n                        <a href=\"#collapse-879477f69e0809db39ca\" class=\"ekit-accordion--toggler elementskit-btn-link collapsed\" data-ekit-toggle=\"collapse\" data-target=\"#Collapse-879477f69e0809db39ca\" aria-expanded=\"true\" aria-controls=\"Collapse-879477f69e0809db39ca\">\n                            \n                            <span class=\"ekit-accordion-title\">Sprachtherapie<\/span>\n\n                            \n                                <div class=\"ekit_accordion_icon_group\">\n                                    <div class=\"ekit_accordion_normal_icon\">\n                                        <!-- Normal Icon -->\n\t\t\t\t\t\t\t\t\t\t<i class=\"icon icon-plus\"><\/i>                                    <\/div>\n\n                                    <div class=\"ekit_accordion_active_icon\">\n                                        <!-- Active Icon -->\n\t\t\t\t\t\t\t\t\t\t<i class=\"icon icon-minus\"><\/i>                                    <\/div>\n                                <\/div>\n\n                            \n                                                    <\/a>\n                    <\/div>\n\n                    <div id=\"Collapse-879477f69e0809db39ca\" class=\" show collapse\" aria-labelledby=\"primaryHeading-0-89779d1\" data-parent=\"#accordion-69e0809db39ca\">\n\n                        <div class=\"elementskit-card-body ekit-accordion--content\">\n                            <p>Individuelle Sprachtherapie f\u00fcr Kinder und Erwachsene, um Sprachst\u00f6rungen effektiv zu behandeln. Dazu geh\u00f6ren:<\/p><ul><li><p>Sprachentwicklungsst\u00f6rungen bei Kindern<\/p><\/li><li><p>Sprachst\u00f6rungen bei Erwachsenen<\/p><\/li><li><p>Auditive Verarbeitungs- und Wahrnehmungsst\u00f6rung (AVWS)<\/p><\/li><\/ul>                        <\/div>\n\n                    <\/div>\n\n                <\/div><!-- .elementskit-card END -->\n\n                \n                <div class=\"elementskit-card \">\n                    <div class=\"elementskit-card-header\" id=\"primaryHeading-1-89779d1\">\n                        <a href=\"#collapse-7b8350269e0809db39ca\" class=\"ekit-accordion--toggler elementskit-btn-link collapsed\" data-ekit-toggle=\"collapse\" data-target=\"#Collapse-7b8350269e0809db39ca\" aria-expanded=\"false\" aria-controls=\"Collapse-7b8350269e0809db39ca\">\n                            \n                            <span class=\"ekit-accordion-title\">Sprechtherapie<\/span>\n\n                            \n                                <div class=\"ekit_accordion_icon_group\">\n                                    <div class=\"ekit_accordion_normal_icon\">\n                                        <!-- Normal Icon -->\n\t\t\t\t\t\t\t\t\t\t<i class=\"icon icon-plus\"><\/i>                                    <\/div>\n\n                                    <div class=\"ekit_accordion_active_icon\">\n                                        <!-- Active Icon -->\n\t\t\t\t\t\t\t\t\t\t<i class=\"icon icon-minus\"><\/i>                                    <\/div>\n                                <\/div>\n\n                            \n                                                    <\/a>\n                    <\/div>\n\n                    <div id=\"Collapse-7b8350269e0809db39ca\" class=\" collapse\" aria-labelledby=\"primaryHeading-1-89779d1\" data-parent=\"#accordion-69e0809db39ca\">\n\n                        <div class=\"elementskit-card-body ekit-accordion--content\">\n                            <p>Gezielte \u00dcbungen, um Sprechflussst\u00f6rungen wie Stottern zu reduzieren und die Artikulation zu verbessern. Dazu geh\u00f6ren:<\/p><ul><li>Artikulationsst\u00f6rungen<\/li><li><p>Dysarthrien<\/p><\/li><li><p>Redeflussst\u00f6rungen<\/p><\/li><\/ul>                        <\/div>\n\n                    <\/div>\n\n                <\/div><!-- .elementskit-card END -->\n\n                \n                <div class=\"elementskit-card \">\n                    <div class=\"elementskit-card-header\" id=\"primaryHeading-2-89779d1\">\n                        <a href=\"#collapse-1f1773c69e0809db39ca\" class=\"ekit-accordion--toggler elementskit-btn-link collapsed\" data-ekit-toggle=\"collapse\" data-target=\"#Collapse-1f1773c69e0809db39ca\" aria-expanded=\"false\" aria-controls=\"Collapse-1f1773c69e0809db39ca\">\n                            \n                            <span class=\"ekit-accordion-title\">Stimmtherapie<\/span>\n\n                            \n                                <div class=\"ekit_accordion_icon_group\">\n                                    <div class=\"ekit_accordion_normal_icon\">\n                                        <!-- Normal Icon -->\n\t\t\t\t\t\t\t\t\t\t<i class=\"icon icon-plus\"><\/i>                                    <\/div>\n\n                                    <div class=\"ekit_accordion_active_icon\">\n                                        <!-- Active Icon -->\n\t\t\t\t\t\t\t\t\t\t<i class=\"icon icon-minus\"><\/i>                                    <\/div>\n                                <\/div>\n\n                            \n                                                    <\/a>\n                    <\/div>\n\n                    <div id=\"Collapse-1f1773c69e0809db39ca\" class=\" collapse\" aria-labelledby=\"primaryHeading-2-89779d1\" data-parent=\"#accordion-69e0809db39ca\">\n\n                        <div class=\"elementskit-card-body ekit-accordion--content\">\n                            <p>Therapien zur Verbesserung und Pflege der Stimme, ideal f\u00fcr Berufssprecher und Menschen mit Stimmst\u00f6rungen. Dazu geh\u00f6ren<\/p><ul><li><p>\u00a0Organische Stimmst\u00f6rungen und funktionelle Stimmst\u00f6rungen<\/p><\/li><\/ul>                        <\/div>\n\n                    <\/div>\n\n                <\/div><!-- .elementskit-card END -->\n\n                \n                <div class=\"elementskit-card \">\n                    <div class=\"elementskit-card-header\" id=\"primaryHeading-3-89779d1\">\n                        <a href=\"#collapse-23fddbb69e0809db39ca\" class=\"ekit-accordion--toggler elementskit-btn-link collapsed\" data-ekit-toggle=\"collapse\" data-target=\"#Collapse-23fddbb69e0809db39ca\" aria-expanded=\"false\" aria-controls=\"Collapse-23fddbb69e0809db39ca\">\n                            \n                            <span class=\"ekit-accordion-title\">Schlucktherapie<\/span>\n\n                            \n                                <div class=\"ekit_accordion_icon_group\">\n                                    <div class=\"ekit_accordion_normal_icon\">\n                                        <!-- Normal Icon -->\n\t\t\t\t\t\t\t\t\t\t<i class=\"icon icon-plus\"><\/i>                                    <\/div>\n\n                                    <div class=\"ekit_accordion_active_icon\">\n                                        <!-- Active Icon -->\n\t\t\t\t\t\t\t\t\t\t<i class=\"icon icon-minus\"><\/i>                                    <\/div>\n                                <\/div>\n\n                            \n                                                    <\/a>\n                    <\/div>\n\n                    <div id=\"Collapse-23fddbb69e0809db39ca\" class=\" collapse\" aria-labelledby=\"primaryHeading-3-89779d1\" data-parent=\"#accordion-69e0809db39ca\">\n\n                        <div class=\"elementskit-card-body ekit-accordion--content\">\n                            <p>Behandlung von Schluckst\u00f6rungen durch spezialisierte \u00dcbungen und individuelle Betreuung. Dazu geh\u00f6ren:<\/p><ul><li><p>Dysphagien<\/p><\/li><li><p>Myofunktionelle St\u00f6rung<\/p><\/li><li><p>\u00a0Viszerales Schluckmuster<\/p><\/li><\/ul>                        <\/div>\n\n                    <\/div>\n\n                <\/div><!-- .elementskit-card END -->\n\n                                        <\/div>\n    <\/div>\t\t\t\t<\/div>\n\t\t\t\t<\/div>\n\t\t\t\t<\/div>\n\t\t<div class=\"elementor-element elementor-element-5f5e02e e-con-full e-flex e-con e-child\" data-id=\"5f5e02e\" data-element_type=\"container\" data-e-type=\"container\">\n\t\t\t\t<\/div>\n\t\t\t\t\t<\/div>\n\t\t\t\t<\/div>\n\t\t\t\t<\/div>\n\t\t","protected":false},"excerpt":{"rendered":"<p>Behandlungen Sprachtherapie Individuelle Sprachtherapie f\u00fcr Kinder und Erwachsene, um Sprachst\u00f6rungen effektiv zu behandeln. Dazu geh\u00f6ren: Sprachentwicklungsst\u00f6rungen bei Kindern Sprachst\u00f6rungen bei Erwachsenen Auditive Verarbeitungs- und Wahrnehmungsst\u00f6rung (AVWS) Sprechtherapie Gezielte \u00dcbungen, um Sprechflussst\u00f6rungen wie Stottern zu reduzieren und die Artikulation zu verbessern. Dazu geh\u00f6ren: Artikulationsst\u00f6rungen Dysarthrien Redeflussst\u00f6rungen Stimmtherapie Therapien zur Verbesserung und Pflege der Stimme, ideal f\u00fcr [&hellip;]<\/p>\n","protected":false},"author":3,"featured_media":0,"parent":0,"menu_order":0,"comment_status":"closed","ping_status":"closed","template":"elementor_header_footer","meta":{"footnotes":""},"class_list":["post-638","page","type-page","status-publish","hentry"],"_links":{"self":[{"href":"https:\/\/logo-eb.de\/index.php?rest_route=\/wp\/v2\/pages\/638","targetHints":{"allow":["GET"]}}],"collection":[{"href":"https:\/\/logo-eb.de\/index.php?rest_route=\/wp\/v2\/pages"}],"about":[{"href":"https:\/\/logo-eb.de\/index.php?rest_route=\/wp\/v2\/types\/page"}],"author":[{"embeddable":true,"href":"https:\/\/logo-eb.de\/index.php?rest_route=\/wp\/v2\/users\/3"}],"replies":[{"embeddable":true,"href":"https:\/\/logo-eb.de\/index.php?rest_route=%2Fwp%2Fv2%2Fcomments&post=638"}],"version-history":[{"count":59,"href":"https:\/\/logo-eb.de\/index.php?rest_route=\/wp\/v2\/pages\/638\/revisions"}],"predecessor-version":[{"id":1196,"href":"https:\/\/logo-eb.de\/index.php?rest_route=\/wp\/v2\/pages\/638\/revisions\/1196"}],"wp:attachment":[{"href":"https:\/\/logo-eb.de\/index.php?rest_route=%2Fwp%2Fv2%2Fmedia&parent=638"}],"curies":[{"name":"wp","href":"https:\/\/api.w.org\/{rel}","templated":true}]}}